{"id":669,"date":"2022-06-17T14:15:52","date_gmt":"2022-06-17T14:15:52","guid":{"rendered":"https:\/\/windschiaf.de\/?page_id=669"},"modified":"2022-06-19T16:08:26","modified_gmt":"2022-06-19T16:08:26","slug":"konzert-2017-in-zorneding","status":"publish","type":"page","link":"https:\/\/windschiaf.de\/?page_id=669","title":{"rendered":"Konzert 2017 in Zorneding"},"content":{"rendered":"\n<figure class=\"wp-block-image size-large is-style-rounded\"><img loading=\"lazy\" width=\"1024\" height=\"685\" src=\"http:\/\/windschiaf.de\/wp-content\/uploads\/2017\/04\/2017-06-Konzert-003-1024x685.jpg\" alt=\"\" class=\"wp-image-334\" srcset=\"https:\/\/windschiaf.de\/wp-content\/uploads\/2017\/04\/2017-06-Konzert-003-1024x685.jpg 1024w, https:\/\/windschiaf.de\/wp-content\/uploads\/2017\/04\/2017-06-Konzert-003-300x201.jpg 300w, https:\/\/windschiaf.de\/wp-content\/uploads\/2017\/04\/2017-06-Konzert-003-768x514.jpg 768w\" sizes=\"(max-width: 1024px) 100vw, 1024px\" \/><\/figure>\n\n\n\n<p class=\"has-small-font-size\">Aufgrund eines technischen Problems haben wir von diesem Konzert nur einen Micro-Livemitschnitt. Alles Fehler und Ungenauigkeiten in unserem Spiel sind aber nat\u00fcrlich nicht darauf zur\u00fcckzuf\u00fchren, sondern <em>qua nome<\/em> Teil unseres Programms.<\/p>\n\n\n\n<figure class=\"wp-block-image size-large is-resized is-style-rounded\"><img loading=\"lazy\" src=\"http:\/\/windschiaf.de\/wp-content\/uploads\/2017\/04\/2017-06-Konzert-095-1024x685.jpg\" alt=\"\" class=\"wp-image-368\" width=\"310\" height=\"207\" srcset=\"https:\/\/windschiaf.de\/wp-content\/uploads\/2017\/04\/2017-06-Konzert-095-1024x685.jpg 1024w, https:\/\/windschiaf.de\/wp-content\/uploads\/2017\/04\/2017-06-Konzert-095-300x201.jpg 300w, https:\/\/windschiaf.de\/wp-content\/uploads\/2017\/04\/2017-06-Konzert-095-768x514.jpg 768w\" sizes=\"(max-width: 310px) 100vw, 310px\" \/><\/figure>\n\n\n\n<div class=\"wp-block-image is-style-rounded\"><figure class=\"alignright size-large is-resized\"><img loading=\"lazy\" src=\"http:\/\/windschiaf.de\/wp-content\/uploads\/2017\/04\/2017-06-Konzert-065-1024x685.jpg\" alt=\"\" class=\"wp-image-357\" width=\"263\" height=\"175\" srcset=\"https:\/\/windschiaf.de\/wp-content\/uploads\/2017\/04\/2017-06-Konzert-065-1024x685.jpg 1024w, https:\/\/windschiaf.de\/wp-content\/uploads\/2017\/04\/2017-06-Konzert-065-300x201.jpg 300w, https:\/\/windschiaf.de\/wp-content\/uploads\/2017\/04\/2017-06-Konzert-065-768x514.jpg 768w\" sizes=\"(max-width: 263px) 100vw, 263px\" \/><\/figure><\/div>\n\n\n\n<div class=\"wp-block-columns\">\n<div class=\"wp-block-column\" style=\"flex-basis:100%\">\n<div class=\"wp-block-group\"><div class=\"wp-block-group__inner-container\">\n<figure class=\"wp-block-audio\"><audio controls src=\"http:\/\/windschiaf.de\/wp-content\/uploads\/2022\/06\/WS-2017_01-Neie-Saitn.wav\"><\/audio><figcaption><strong><em>neie Seitn<\/em><\/strong>       t+m Christoph<\/figcaption><\/figure>\n<\/div><\/div>\n<\/div>\n<\/div>\n\n\n\n<div class=\"wp-block-columns\">\n<div class=\"wp-block-column\" style=\"flex-basis:100%\">\n<figure class=\"wp-block-image size-large is-resized\"><img loading=\"lazy\" src=\"http:\/\/windschiaf.de\/wp-content\/uploads\/2017\/04\/2017-06-Konzert-032-1024x685.jpg\" alt=\"\" class=\"wp-image-346\" width=\"256\" height=\"171\" srcset=\"https:\/\/windschiaf.de\/wp-content\/uploads\/2017\/04\/2017-06-Konzert-032-1024x685.jpg 1024w, https:\/\/windschiaf.de\/wp-content\/uploads\/2017\/04\/2017-06-Konzert-032-300x201.jpg 300w, https:\/\/windschiaf.de\/wp-content\/uploads\/2017\/04\/2017-06-Konzert-032-768x514.jpg 768w\" sizes=\"(max-width: 256px) 100vw, 256px\" \/><\/figure>\n<\/div>\n<\/div>\n\n\n\n<figure class=\"wp-block-audio\"><audio controls src=\"http:\/\/windschiaf.de\/wp-content\/uploads\/2022\/06\/WS-2017_02-Credo.wav\"><\/audio><figcaption><strong><em>credo <\/em><\/strong>      t+m: Martin<\/figcaption><\/figure>\n\n\n\n<div class=\"wp-block-columns\">\n<div class=\"wp-block-column\" style=\"flex-basis:100%\">\n<div class=\"wp-block-group\"><div class=\"wp-block-group__inner-container\">\n<div class=\"wp-block-image is-style-rounded\"><figure class=\"aligncenter size-large is-resized\"><img loading=\"lazy\" src=\"http:\/\/windschiaf.de\/wp-content\/uploads\/2017\/04\/2017-06-Konzert-091-2-1024x685.jpg\" alt=\"\" class=\"wp-image-331\" width=\"512\" height=\"343\" srcset=\"https:\/\/windschiaf.de\/wp-content\/uploads\/2017\/04\/2017-06-Konzert-091-2-1024x685.jpg 1024w, https:\/\/windschiaf.de\/wp-content\/uploads\/2017\/04\/2017-06-Konzert-091-2-300x201.jpg 300w, https:\/\/windschiaf.de\/wp-content\/uploads\/2017\/04\/2017-06-Konzert-091-2-768x514.jpg 768w\" sizes=\"(max-width: 512px) 100vw, 512px\" \/><\/figure><\/div>\n<\/div><\/div>\n<\/div>\n<\/div>\n\n\n\n<div class=\"wp-block-group\"><div class=\"wp-block-group__inner-container\">\n<figure class=\"wp-block-audio\"><audio controls src=\"http:\/\/windschiaf.de\/wp-content\/uploads\/2022\/06\/WS-2017_03-I-sog-na.wav\"><\/audio><figcaption><strong><em>i sog na<\/em><\/strong>      t+m: Walter<\/figcaption><\/figure>\n<\/div><\/div>\n\n\n\n<div class=\"wp-block-image is-style-rounded\"><figure class=\"alignright size-large is-resized\"><img loading=\"lazy\" src=\"http:\/\/windschiaf.de\/wp-content\/uploads\/2017\/04\/2017-06-Konzert-035-1024x685.jpg\" alt=\"\" class=\"wp-image-349\" width=\"512\" height=\"343\" srcset=\"https:\/\/windschiaf.de\/wp-content\/uploads\/2017\/04\/2017-06-Konzert-035-1024x685.jpg 1024w, https:\/\/windschiaf.de\/wp-content\/uploads\/2017\/04\/2017-06-Konzert-035-300x201.jpg 300w, https:\/\/windschiaf.de\/wp-content\/uploads\/2017\/04\/2017-06-Konzert-035-768x514.jpg 768w\" sizes=\"(max-width: 512px) 100vw, 512px\" \/><\/figure><\/div>\n\n\n\n<figure class=\"wp-block-audio alignleft\"><audio controls src=\"http:\/\/windschiaf.de\/wp-content\/uploads\/2022\/06\/WS-2017_04-Danke-Dir-Drais.wav\"><\/audio><figcaption><strong><em>danke Dir, Drais<\/em><\/strong>       t+m: Christoph<\/figcaption><\/figure>\n\n\n\n<p><\/p>\n\n\n\n<figure class=\"wp-block-audio\"><audio controls src=\"http:\/\/windschiaf.de\/wp-content\/uploads\/2022\/06\/WS-2017_05-Do-wo-i-herbin.wav\"><\/audio><figcaption><strong><em>do wo i herbin<\/em><\/strong>      t+m: Martin<\/figcaption><\/figure>\n\n\n\n<figure class=\"wp-block-image size-large is-resized is-style-rounded\"><img loading=\"lazy\" src=\"http:\/\/windschiaf.de\/wp-content\/uploads\/2017\/04\/2017-06-Konzert-027-2-1024x685.jpg\" alt=\"\" class=\"wp-image-328\" width=\"275\" height=\"183\"\/><\/figure>\n\n\n\n<figure class=\"wp-block-audio alignright\"><audio controls src=\"http:\/\/windschiaf.de\/wp-content\/uploads\/2022\/06\/WS-2017_06-Engel.wav\"><\/audio><figcaption><strong><em>engel<\/em><\/strong>      t: Walter   m: Dan Reeder<\/figcaption><\/figure>\n\n\n\n<figure class=\"wp-block-audio\"><audio controls src=\"http:\/\/windschiaf.de\/wp-content\/uploads\/2022\/06\/WS-2017_07-Windschiaf.wav\"><\/audio><figcaption><strong><em>windschiaf<\/em><\/strong>    t+m: Christoph<\/figcaption><\/figure>\n\n\n\n<figure class=\"wp-block-image size-large is-resized is-style-rounded\"><img loading=\"lazy\" src=\"http:\/\/windschiaf.de\/wp-content\/uploads\/2017\/04\/2017-06-Konzert-068-1024x685.jpg\" alt=\"\" class=\"wp-image-358\" width=\"574\" height=\"383\" srcset=\"https:\/\/windschiaf.de\/wp-content\/uploads\/2017\/04\/2017-06-Konzert-068-1024x685.jpg 1024w, https:\/\/windschiaf.de\/wp-content\/uploads\/2017\/04\/2017-06-Konzert-068-300x201.jpg 300w, https:\/\/windschiaf.de\/wp-content\/uploads\/2017\/04\/2017-06-Konzert-068-768x514.jpg 768w\" sizes=\"(max-width: 574px) 100vw, 574px\" \/><\/figure>\n\n\n\n<figure class=\"wp-block-audio alignleft\"><audio controls src=\"http:\/\/windschiaf.de\/wp-content\/uploads\/2022\/06\/WS-2017_08-A-bisserl-Muad.wav\"><\/audio><figcaption><em><strong>a bi\u00dferl Muad <\/strong><\/em>      t+m: Walter<\/figcaption><\/figure>\n\n\n\n<div class=\"wp-block-image is-style-rounded\"><figure class=\"aligncenter size-large is-resized\"><img loading=\"lazy\" src=\"http:\/\/windschiaf.de\/wp-content\/uploads\/2017\/04\/2017-06-Konzert-016-1024x685.jpg\" alt=\"\" class=\"wp-image-339\" width=\"512\" height=\"343\" srcset=\"https:\/\/windschiaf.de\/wp-content\/uploads\/2017\/04\/2017-06-Konzert-016-1024x685.jpg 1024w, https:\/\/windschiaf.de\/wp-content\/uploads\/2017\/04\/2017-06-Konzert-016-300x201.jpg 300w, https:\/\/windschiaf.de\/wp-content\/uploads\/2017\/04\/2017-06-Konzert-016-768x514.jpg 768w\" sizes=\"(max-width: 512px) 100vw, 512px\" \/><\/figure><\/div>\n\n\n\n<figure class=\"wp-block-audio alignright\"><audio controls src=\"http:\/\/windschiaf.de\/wp-content\/uploads\/2022\/06\/WS-2017_09-Un-cappuccino-per-favore.wav\"><\/audio><figcaption><em><strong>un cappuccino per favore <\/strong><\/em>    t+m: Christoph<\/figcaption><\/figure>\n\n\n\n<p><\/p>\n\n\n\n<figure class=\"wp-block-audio alignleft\"><audio controls src=\"http:\/\/windschiaf.de\/wp-content\/uploads\/2022\/06\/WS-2017_10-Martin.wav\"><\/audio><figcaption><strong><em>martin <\/em><\/strong>   t+m: Martin<\/figcaption><\/figure>\n\n\n\n<p><\/p>\n\n\n\n<div class=\"wp-block-image is-style-rounded\"><figure class=\"alignright size-large is-resized\"><img loading=\"lazy\" src=\"http:\/\/windschiaf.de\/wp-content\/uploads\/2017\/04\/2017-06-Konzert-093-1024x685.jpg\" alt=\"\" class=\"wp-image-366\" width=\"379\" height=\"253\" srcset=\"https:\/\/windschiaf.de\/wp-content\/uploads\/2017\/04\/2017-06-Konzert-093-1024x685.jpg 1024w, https:\/\/windschiaf.de\/wp-content\/uploads\/2017\/04\/2017-06-Konzert-093-300x201.jpg 300w, https:\/\/windschiaf.de\/wp-content\/uploads\/2017\/04\/2017-06-Konzert-093-768x514.jpg 768w\" sizes=\"(max-width: 379px) 100vw, 379px\" \/><\/figure><\/div>\n\n\n\n<figure class=\"wp-block-audio aligncenter\"><audio controls src=\"http:\/\/windschiaf.de\/wp-content\/uploads\/2022\/06\/WS-2017_11-Hey.wav\"><\/audio><figcaption><strong><em>hey<\/em><\/strong>     t+m: Martin<\/figcaption><\/figure>\n\n\n\n<p><\/p>\n\n\n\n<figure class=\"wp-block-audio alignleft\"><audio controls src=\"http:\/\/windschiaf.de\/wp-content\/uploads\/2022\/06\/WS-2017_12-Halt-mi.wav\"><\/audio><figcaption><strong><em>halt mi <\/em><\/strong>   t+m: Christoph<\/figcaption><\/figure>\n\n\n\n<p><\/p>\n\n\n\n<p><\/p>\n\n\n\n<figure class=\"wp-block-image size-large is-resized is-style-rounded\"><img loading=\"lazy\" src=\"http:\/\/windschiaf.de\/wp-content\/uploads\/2017\/04\/2017-06-Konzert-037-1024x685.jpg\" alt=\"\" class=\"wp-image-350\" width=\"531\" height=\"355\" srcset=\"https:\/\/windschiaf.de\/wp-content\/uploads\/2017\/04\/2017-06-Konzert-037-1024x685.jpg 1024w, https:\/\/windschiaf.de\/wp-content\/uploads\/2017\/04\/2017-06-Konzert-037-300x201.jpg 300w, https:\/\/windschiaf.de\/wp-content\/uploads\/2017\/04\/2017-06-Konzert-037-768x514.jpg 768w\" sizes=\"(max-width: 531px) 100vw, 531px\" \/><\/figure>\n\n\n\n<figure class=\"wp-block-audio alignright\"><audio controls src=\"http:\/\/windschiaf.de\/wp-content\/uploads\/2022\/06\/WS-2017_13-Urblues.wav\"><\/audio><figcaption><strong><em>der Ur-Blues<\/em><\/strong>      t: Walter     m: William &#8220;Big Billy&#8221; Broonzy<\/figcaption><\/figure>\n\n\n\n<figure class=\"wp-block-audio\"><audio controls src=\"http:\/\/windschiaf.de\/wp-content\/uploads\/2022\/06\/WS-2017_14-Feuer-Luft-Wasser-Erde.wav\"><\/audio><figcaption><strong><em>Feuer, Luft, Wasser, Erde<\/em><\/strong>           t+m: Christoph<\/figcaption><\/figure>\n\n\n\n<p><\/p>\n\n\n\n<div class=\"wp-block-image is-style-rounded\"><figure class=\"aligncenter size-large is-resized\"><img loading=\"lazy\" src=\"http:\/\/windschiaf.de\/wp-content\/uploads\/2017\/04\/2017-06-Konzert-086-1024x685.jpg\" alt=\"\" class=\"wp-image-363\" width=\"441\" height=\"294\" srcset=\"https:\/\/windschiaf.de\/wp-content\/uploads\/2017\/04\/2017-06-Konzert-086-1024x685.jpg 1024w, https:\/\/windschiaf.de\/wp-content\/uploads\/2017\/04\/2017-06-Konzert-086-300x201.jpg 300w, https:\/\/windschiaf.de\/wp-content\/uploads\/2017\/04\/2017-06-Konzert-086-768x514.jpg 768w\" sizes=\"(max-width: 441px) 100vw, 441px\" \/><\/figure><\/div>\n\n\n\n<figure class=\"wp-block-audio\"><audio controls src=\"http:\/\/windschiaf.de\/wp-content\/uploads\/2022\/06\/WS-2017_15-Manchmoi.wav\"><\/audio><figcaption><strong><em>manchmoi     <\/em><\/strong>    t+m: Martin<\/figcaption><\/figure>\n\n\n\n<div class=\"wp-block-image is-style-rounded\"><figure class=\"alignright size-large is-resized\"><img loading=\"lazy\" src=\"http:\/\/windschiaf.de\/wp-content\/uploads\/2017\/04\/2017-06-Konzert-073-1024x685.jpg\" alt=\"\" class=\"wp-image-360\" width=\"453\" height=\"302\" srcset=\"https:\/\/windschiaf.de\/wp-content\/uploads\/2017\/04\/2017-06-Konzert-073-1024x685.jpg 1024w, https:\/\/windschiaf.de\/wp-content\/uploads\/2017\/04\/2017-06-Konzert-073-300x201.jpg 300w, https:\/\/windschiaf.de\/wp-content\/uploads\/2017\/04\/2017-06-Konzert-073-768x514.jpg 768w\" sizes=\"(max-width: 453px) 100vw, 453px\" \/><\/figure><\/div>\n\n\n\n<figure class=\"wp-block-audio\"><audio controls src=\"http:\/\/windschiaf.de\/wp-content\/uploads\/2022\/06\/WS-2017_16-Kinderblues-Teil-1.wav\"><\/audio><figcaption><strong><em>Kinderblues Teil 1<\/em><\/strong>     t: Walter     m: trad.<\/figcaption><\/figure>\n\n\n\n<div class=\"wp-block-image is-style-rounded\"><figure class=\"aligncenter size-large\"><img loading=\"lazy\" width=\"1024\" height=\"685\" src=\"http:\/\/windschiaf.de\/wp-content\/uploads\/2017\/04\/2017-06-Konzert-053-1-1024x685.jpg\" alt=\"\" class=\"wp-image-352\" srcset=\"https:\/\/windschiaf.de\/wp-content\/uploads\/2017\/04\/2017-06-Konzert-053-1-1024x685.jpg 1024w, https:\/\/windschiaf.de\/wp-content\/uploads\/2017\/04\/2017-06-Konzert-053-1-300x201.jpg 300w, https:\/\/windschiaf.de\/wp-content\/uploads\/2017\/04\/2017-06-Konzert-053-1-768x514.jpg 768w\" sizes=\"(max-width: 1024px) 100vw, 1024px\" \/><\/figure><\/div>\n\n\n\n<figure class=\"wp-block-audio\"><audio controls src=\"http:\/\/windschiaf.de\/wp-content\/uploads\/2022\/06\/WS-2017_17-Die-stund-von-der-i-dram.wav\"><\/audio><figcaption><strong><em>die stund von der i dram<\/em><\/strong>     t+m: Walter<\/figcaption><\/figure>\n\n\n\n<figure class=\"wp-block-image size-large is-style-rounded\"><img loading=\"lazy\" width=\"1024\" height=\"685\" src=\"http:\/\/windschiaf.de\/wp-content\/uploads\/2022\/06\/2017-06-Konzert-035-1024x685.jpg\" alt=\"\" class=\"wp-image-794\" srcset=\"https:\/\/windschiaf.de\/wp-content\/uploads\/2022\/06\/2017-06-Konzert-035-1024x685.jpg 1024w, https:\/\/windschiaf.de\/wp-content\/uploads\/2022\/06\/2017-06-Konzert-035-300x201.jpg 300w, https:\/\/windschiaf.de\/wp-content\/uploads\/2022\/06\/2017-06-Konzert-035-768x514.jpg 768w, https:\/\/windschiaf.de\/wp-content\/uploads\/2022\/06\/2017-06-Konzert-035-1536x1028.jpg 1536w, https:\/\/windschiaf.de\/wp-content\/uploads\/2022\/06\/2017-06-Konzert-035-2048x1371.jpg 2048w\" sizes=\"(max-width: 1024px) 100vw, 1024px\" \/><\/figure>\n\n\n\n<p><\/p>\n","protected":false},"excerpt":{"rendered":"<p>Aufgrund eines technischen Problems haben wir von diesem Konzert nur einen Micro-Livemitschnitt. Alles Fehler und Ungenauigkeiten in unserem Spiel sind aber nat\u00fcrlich nicht darauf zur\u00fcckzuf\u00fchren, sondern qua nome Teil unseres Programms.<\/p>\n","protected":false},"author":1,"featured_media":0,"parent":0,"menu_order":0,"comment_status":"closed","ping_status":"closed","template":"","meta":[],"_links":{"self":[{"href":"https:\/\/windschiaf.de\/index.php?rest_route=\/wp\/v2\/pages\/669"}],"collection":[{"href":"https:\/\/windschiaf.de\/index.php?rest_route=\/wp\/v2\/pages"}],"about":[{"href":"https:\/\/windschiaf.de\/index.php?rest_route=\/wp\/v2\/types\/page"}],"author":[{"embeddable":true,"href":"https:\/\/windschiaf.de\/index.php?rest_route=\/wp\/v2\/users\/1"}],"replies":[{"embeddable":true,"href":"https:\/\/windschiaf.de\/index.php?rest_route=%2Fwp%2Fv2%2Fcomments&post=669"}],"version-history":[{"count":10,"href":"https:\/\/windschiaf.de\/index.php?rest_route=\/wp\/v2\/pages\/669\/revisions"}],"predecessor-version":[{"id":795,"href":"https:\/\/windschiaf.de\/index.php?rest_route=\/wp\/v2\/pages\/669\/revisions\/795"}],"wp:attachment":[{"href":"https:\/\/windschiaf.de\/index.php?rest_route=%2Fwp%2Fv2%2Fmedia&parent=669"}],"curies":[{"name":"wp","href":"https:\/\/api.w.org\/{rel}","templated":true}]}}