{"id":467,"date":"2022-05-23T14:33:29","date_gmt":"2022-05-23T14:33:29","guid":{"rendered":"http:\/\/windschiaf.de\/?page_id=467"},"modified":"2022-05-25T14:22:49","modified_gmt":"2022-05-25T14:22:49","slug":"openair-2022","status":"publish","type":"page","link":"https:\/\/windschiaf.de\/?page_id=467","title":{"rendered":"OpenAir 2022"},"content":{"rendered":"\n<p class=\"has-text-color\" style=\"color:#b77b0b\"><strong>Wir danken allen f\u00fcr ihre gro\u00dfz\u00fcgige Spende.<\/strong><br><strong>Der Erl\u00f6s geht an die Dachauer Tafel!<\/strong><\/p>\n\n\n\n<p class=\"has-text-color\" style=\"color:#b77b0b\"><a href=\"http:\/\/windschiaf.de\/?page_id=476\">Plakat<\/a><\/p>\n\n\n\n<p class=\"has-text-color\" style=\"color:#bb7d0b\"><a href=\"http:\/\/windschiaf.de\/?page_id=470\">Bilder<\/a><\/p>\n\n\n\n<p class=\"has-text-color\" style=\"color:#b77b0b\"><a href=\"http:\/\/windschiaf.de\/?page_id=505\">Lieder<\/a><\/p>\n\n\n\n<p class=\"has-text-color\" style=\"color:#bb7d0b\"><a href=\"http:\/\/windschiaf.de\/?page_id=473\">Gast-Worte<\/a><\/p>\n","protected":false},"excerpt":{"rendered":"<p>Wir danken allen f\u00fcr ihre gro\u00dfz\u00fcgige Spende.Der Erl\u00f6s geht an die Dachauer Tafel! Plakat Bilder Lieder Gast-Worte<\/p>\n","protected":false},"author":1,"featured_media":0,"parent":0,"menu_order":0,"comment_status":"closed","ping_status":"closed","template":"","meta":[],"_links":{"self":[{"href":"https:\/\/windschiaf.de\/index.php?rest_route=\/wp\/v2\/pages\/467"}],"collection":[{"href":"https:\/\/windschiaf.de\/index.php?rest_route=\/wp\/v2\/pages"}],"about":[{"href":"https:\/\/windschiaf.de\/index.php?rest_route=\/wp\/v2\/types\/page"}],"author":[{"embeddable":true,"href":"https:\/\/windschiaf.de\/index.php?rest_route=\/wp\/v2\/users\/1"}],"replies":[{"embeddable":true,"href":"https:\/\/windschiaf.de\/index.php?rest_route=%2Fwp%2Fv2%2Fcomments&post=467"}],"version-history":[{"count":8,"href":"https:\/\/windschiaf.de\/index.php?rest_route=\/wp\/v2\/pages\/467\/revisions"}],"predecessor-version":[{"id":525,"href":"https:\/\/windschiaf.de\/index.php?rest_route=\/wp\/v2\/pages\/467\/revisions\/525"}],"wp:attachment":[{"href":"https:\/\/windschiaf.de\/index.php?rest_route=%2Fwp%2Fv2%2Fmedia&parent=467"}],"curies":[{"name":"wp","href":"https:\/\/api.w.org\/{rel}","templated":true}]}}