{"id":132,"date":"2017-04-21T10:50:34","date_gmt":"2017-04-21T10:50:34","guid":{"rendered":"http:\/\/windschiaf.de\/?page_id=132"},"modified":"2022-05-22T17:15:14","modified_gmt":"2022-05-22T17:15:14","slug":"wo-wir-schon-gespielt-haben","status":"publish","type":"page","link":"https:\/\/windschiaf.de\/?page_id=132","title":{"rendered":"Wo wir schon gespielt haben&#8230;"},"content":{"rendered":"<p><span style=\"color: #993300;\">1997 Premiere in Zorneding<\/span><\/p>\n<p><span style=\"color: #993300;\">1998 Zorneding<\/span><\/p>\n<p><span style=\"color: #993300;\">1999 Berg am Laim, M\u00fcnchen<\/span><\/p>\n<p><span style=\"color: #993300;\">2004 Oberf\u00f6hring, M\u00fcnchen<\/span><\/p>\n<p style=\"text-align: center;\"><span style=\"color: #0000ff;\"><a style=\"color: #0000ff;\" href=\"http:\/\/windschiaf.de\/wp-content\/uploads\/2017\/04\/Plakat2004.pdf\">Solch einfache Visitenkarten haben uns damals gereicht<\/a><\/span><\/p>\n<p><span style=\"color: #993300;\">2007 Gekreuzigt, Gestorben, Begraben &#8211; Lieder, Texte und Bilder zur Auferstehung Jesu in St. Lorenz, M\u00fcnchen<\/span><\/p>\n<p style=\"text-align: center;\"><span style=\"color: #0000ff;\"><a style=\"color: #0000ff;\" href=\"http:\/\/windschiaf.de\/wp-content\/uploads\/2017\/04\/Seite2_AndereTextfarbe.pdf\">2007 hat dann Steffi Horn unser Plakat designet: schon viel besser<\/a><\/span><\/p>\n<p style=\"text-align: center;\"><span style=\"color: #0000ff;\"><a style=\"color: #0000ff;\" href=\"http:\/\/windschiaf.de\/?page_id=201\">Themenbilder zu &#8220;Gekreuzigt&#8230;&#8221; 2007<\/a><\/span><\/p>\n<p style=\"text-align: left;\"><span style=\"color: #993300;\">2009 Gekreuzigt, Gestorben, Begraben &#8211; Lieder, Texte und Bilder zur Auferstehung Jesu in St. Bernhard, F\u00fcrstenfeldbruck<\/span><\/p>\n<p style=\"text-align: center;\"><span style=\"color: #0000ff;\"><a style=\"color: #0000ff;\" href=\"https:\/\/www.merkur.de\/lokales\/fuerstenfeldbruck\/windschiafe-musk-passionszeit-77703.html\">Pressebericht zu 2009<\/a><\/span><\/p>\n<p><span style=\"color: #993300;\">2017 Endlich wieder in Zorneding<\/span><\/p>\n<p><span style=\"color: #993300;\">Und dann 2019 gleich wieder, ebenfalls in Zornding<\/span><\/p>\n<p><span style=\"color: #993300;\">Und jetzt ganz frisch, 2022, in Bergkirchen, unser erstes Open-Air<br \/>\n<\/span><\/p>\n<p style=\"text-align: center;\"><span style=\"color: #0000ff;\"><a style=\"color: #0000ff;\" href=\"http:\/\/windschiaf.de\/wp-content\/uploads\/2022\/05\/windschiaf_2022_03_24.jpg\">hier das Plakat dazu:<\/a><\/span><\/p>\n","protected":false},"excerpt":{"rendered":"<p>1997 Premiere in Zorneding 1998 Zorneding 1999 Berg am Laim, M\u00fcnchen 2004 Oberf\u00f6hring, M\u00fcnchen Solch einfache Visitenkarten haben uns damals gereicht 2007 Gekreuzigt, Gestorben, Begraben &#8211; Lieder, Texte und Bilder zur Auferstehung Jesu in St. Lorenz, M\u00fcnchen 2007 hat dann Steffi Horn unser Plakat designet: schon viel besser Themenbilder zu &#8220;Gekreuzigt&#8230;&#8221; 2007 2009 Gekreuzigt, Gestorben, &hellip; <a href=\"https:\/\/windschiaf.de\/?page_id=132\" class=\"more-link\"><span class=\"screen-reader-text\">Wo wir schon gespielt haben&#8230;<\/span> weiterlesen<\/a><\/p>\n","protected":false},"author":1,"featured_media":0,"parent":0,"menu_order":0,"comment_status":"closed","ping_status":"closed","template":"","meta":[],"_links":{"self":[{"href":"https:\/\/windschiaf.de\/index.php?rest_route=\/wp\/v2\/pages\/132"}],"collection":[{"href":"https:\/\/windschiaf.de\/index.php?rest_route=\/wp\/v2\/pages"}],"about":[{"href":"https:\/\/windschiaf.de\/index.php?rest_route=\/wp\/v2\/types\/page"}],"author":[{"embeddable":true,"href":"https:\/\/windschiaf.de\/index.php?rest_route=\/wp\/v2\/users\/1"}],"replies":[{"embeddable":true,"href":"https:\/\/windschiaf.de\/index.php?rest_route=%2Fwp%2Fv2%2Fcomments&post=132"}],"version-history":[{"count":16,"href":"https:\/\/windschiaf.de\/index.php?rest_route=\/wp\/v2\/pages\/132\/revisions"}],"predecessor-version":[{"id":459,"href":"https:\/\/windschiaf.de\/index.php?rest_route=\/wp\/v2\/pages\/132\/revisions\/459"}],"wp:attachment":[{"href":"https:\/\/windschiaf.de\/index.php?rest_route=%2Fwp%2Fv2%2Fmedia&parent=132"}],"curies":[{"name":"wp","href":"https:\/\/api.w.org\/{rel}","templated":true}]}}